{"id":1230,"date":"2015-10-20T14:28:17","date_gmt":"2015-10-20T14:28:17","guid":{"rendered":"http:\/\/caiximondego.com\/wp\/?page_id=1230"},"modified":"2017-06-03T11:49:11","modified_gmt":"2017-06-03T11:49:11","slug":"estruturas-metalicas","status":"publish","type":"page","link":"https:\/\/caiximondego.com\/wp\/estruturas-metalicas\/","title":{"rendered":"Estruturas met\u00e1licas"},"content":{"rendered":"<p>&nbsp;<\/p>\n<p>As estruturas met\u00e1licas t\u00eam as seguintes\u00a0caracter\u00edsticas:<\/p>\n<ul>\n<li>processo r\u00e1pido: todas as pe\u00e7as que comp\u00f5em uma estrutura met\u00e1lica s\u00e3o preparadas em f\u00e1brica, que por sua vez facilita a montagem em obra (grande mobilidade);<\/li>\n<li>processo econ\u00f3mico: n\u00e3o h\u00e1 desperd\u00edcios de materiais, pois toda a estrutura \u00e9 calculada pe\u00e7a a pe\u00e7a al\u00e9m de ser de montagem r\u00e1pida;<\/li>\n<li>processo sustent\u00e1vel: o a\u00e7o \u00e9 uma material recicl\u00e1vel.<\/li>\n<\/ul>\n<p>&nbsp;<\/p>\n\n\t\t\t<style type='text\/css'>\n\t\t\t\t#gallery-1 {\n\t\t\t\t\tmargin: auto;\n\t\t\t\t}\n\t\t\t\t#gallery-1 .gallery-item {\n\t\t\t\t\tfloat: left;\n\t\t\t\t\tmargin-top: 10px;\n\t\t\t\t\ttext-align: center;\n\t\t\t\t\twidth: 20%;\n\t\t\t\t}\n\t\t\t\t#gallery-1 img {\n\t\t\t\t\tborder: 2px solid #cfcfcf;\n\t\t\t\t}\n\t\t\t\t#gallery-1 .gallery-caption {\n\t\t\t\t\tmargin-left: 0;\n\t\t\t\t}\n\t\t\t\t\/* see gallery_shortcode() in wp-includes\/media.php *\/\n\t\t\t<\/style>\n\t\t<div id='gallery-1' class='gallery galleryid-1230 gallery-columns-5 gallery-size-medium '><dl class='gallery-item'>\n\t\t\t\t<dt class='gallery-icon landscape'>\n\t\t\t\t\t<a href='https:\/\/caiximondego.com\/wp\/wp-content\/uploads\/2015\/10\/estruturas_metalicas-2.jpg'><img width=\"300\" height=\"225\" src=\"https:\/\/caiximondego.com\/wp\/wp-content\/uploads\/2015\/10\/estruturas_metalicas-2-300x225.jpg\" class=\"attachment-medium size-medium\" alt=\"\" decoding=\"async\" loading=\"lazy\" srcset=\"https:\/\/caiximondego.com\/wp\/wp-content\/uploads\/2015\/10\/estruturas_metalicas-2-300x225.jpg 300w, https:\/\/caiximondego.com\/wp\/wp-content\/uploads\/2015\/10\/estruturas_metalicas-2-1024x768.jpg 1024w, https:\/\/caiximondego.com\/wp\/wp-content\/uploads\/2015\/10\/estruturas_metalicas-2-195x146.jpg 195w, https:\/\/caiximondego.com\/wp\/wp-content\/uploads\/2015\/10\/estruturas_metalicas-2-50x38.jpg 50w, https:\/\/caiximondego.com\/wp\/wp-content\/uploads\/2015\/10\/estruturas_metalicas-2-576x432.jpg 576w, https:\/\/caiximondego.com\/wp\/wp-content\/uploads\/2015\/10\/estruturas_metalicas-2-100x75.jpg 100w\" sizes=\"(max-width: 300px) 100vw, 300px\" \/><\/a>\n\t\t\t\t<\/dt><\/dl><dl class='gallery-item'>\n\t\t\t\t<dt class='gallery-icon landscape'>\n\t\t\t\t\t<a href='https:\/\/caiximondego.com\/wp\/wp-content\/uploads\/2015\/10\/estruturas_metalicas-3.jpg'><img width=\"300\" height=\"225\" src=\"https:\/\/caiximondego.com\/wp\/wp-content\/uploads\/2015\/10\/estruturas_metalicas-3-300x225.jpg\" class=\"attachment-medium size-medium\" alt=\"\" decoding=\"async\" loading=\"lazy\" srcset=\"https:\/\/caiximondego.com\/wp\/wp-content\/uploads\/2015\/10\/estruturas_metalicas-3-300x225.jpg 300w, https:\/\/caiximondego.com\/wp\/wp-content\/uploads\/2015\/10\/estruturas_metalicas-3-1024x768.jpg 1024w, https:\/\/caiximondego.com\/wp\/wp-content\/uploads\/2015\/10\/estruturas_metalicas-3-195x146.jpg 195w, https:\/\/caiximondego.com\/wp\/wp-content\/uploads\/2015\/10\/estruturas_metalicas-3-50x38.jpg 50w, https:\/\/caiximondego.com\/wp\/wp-content\/uploads\/2015\/10\/estruturas_metalicas-3-576x432.jpg 576w, https:\/\/caiximondego.com\/wp\/wp-content\/uploads\/2015\/10\/estruturas_metalicas-3-100x75.jpg 100w\" sizes=\"(max-width: 300px) 100vw, 300px\" \/><\/a>\n\t\t\t\t<\/dt><\/dl><dl class='gallery-item'>\n\t\t\t\t<dt class='gallery-icon portrait'>\n\t\t\t\t\t<a href='https:\/\/caiximondego.com\/wp\/wp-content\/uploads\/2015\/10\/2015-01-16-15.06.031.jpg'><img width=\"225\" height=\"300\" src=\"https:\/\/caiximondego.com\/wp\/wp-content\/uploads\/2015\/10\/2015-01-16-15.06.031-225x300.jpg\" class=\"attachment-medium size-medium\" alt=\"\" decoding=\"async\" loading=\"lazy\" srcset=\"https:\/\/caiximondego.com\/wp\/wp-content\/uploads\/2015\/10\/2015-01-16-15.06.031-225x300.jpg 225w, https:\/\/caiximondego.com\/wp\/wp-content\/uploads\/2015\/10\/2015-01-16-15.06.031-768x1024.jpg 768w, https:\/\/caiximondego.com\/wp\/wp-content\/uploads\/2015\/10\/2015-01-16-15.06.031-110x146.jpg 110w, https:\/\/caiximondego.com\/wp\/wp-content\/uploads\/2015\/10\/2015-01-16-15.06.031-38x50.jpg 38w, https:\/\/caiximondego.com\/wp\/wp-content\/uploads\/2015\/10\/2015-01-16-15.06.031-576x768.jpg 576w, https:\/\/caiximondego.com\/wp\/wp-content\/uploads\/2015\/10\/2015-01-16-15.06.031-56x75.jpg 56w, https:\/\/caiximondego.com\/wp\/wp-content\/uploads\/2015\/10\/2015-01-16-15.06.031.jpg 1920w\" sizes=\"(max-width: 225px) 100vw, 225px\" \/><\/a>\n\t\t\t\t<\/dt><\/dl><dl class='gallery-item'>\n\t\t\t\t<dt class='gallery-icon landscape'>\n\t\t\t\t\t<a href='https:\/\/caiximondego.com\/wp\/wp-content\/uploads\/2015\/10\/proposta-1-frente.jpg'><img width=\"300\" height=\"212\" src=\"https:\/\/caiximondego.com\/wp\/wp-content\/uploads\/2015\/10\/proposta-1-frente-300x212.jpg\" class=\"attachment-medium size-medium\" alt=\"\" decoding=\"async\" loading=\"lazy\" srcset=\"https:\/\/caiximondego.com\/wp\/wp-content\/uploads\/2015\/10\/proposta-1-frente-300x212.jpg 300w, https:\/\/caiximondego.com\/wp\/wp-content\/uploads\/2015\/10\/proposta-1-frente-1024x723.jpg 1024w, https:\/\/caiximondego.com\/wp\/wp-content\/uploads\/2015\/10\/proposta-1-frente-207x146.jpg 207w, https:\/\/caiximondego.com\/wp\/wp-content\/uploads\/2015\/10\/proposta-1-frente-50x35.jpg 50w, https:\/\/caiximondego.com\/wp\/wp-content\/uploads\/2015\/10\/proposta-1-frente-576x407.jpg 576w, https:\/\/caiximondego.com\/wp\/wp-content\/uploads\/2015\/10\/proposta-1-frente-106x75.jpg 106w, https:\/\/caiximondego.com\/wp\/wp-content\/uploads\/2015\/10\/proposta-1-frente.jpg 1754w\" sizes=\"(max-width: 300px) 100vw, 300px\" \/><\/a>\n\t\t\t\t<\/dt><\/dl><dl class='gallery-item'>\n\t\t\t\t<dt class='gallery-icon landscape'>\n\t\t\t\t\t<a href='https:\/\/caiximondego.com\/wp\/wp-content\/uploads\/2015\/10\/20161019_115255.jpg'><img width=\"300\" height=\"169\" src=\"https:\/\/caiximondego.com\/wp\/wp-content\/uploads\/2015\/10\/20161019_115255-300x169.jpg\" class=\"attachment-medium size-medium\" alt=\"\" decoding=\"async\" loading=\"lazy\" srcset=\"https:\/\/caiximondego.com\/wp\/wp-content\/uploads\/2015\/10\/20161019_115255-300x169.jpg 300w, https:\/\/caiximondego.com\/wp\/wp-content\/uploads\/2015\/10\/20161019_115255-768x432.jpg 768w, https:\/\/caiximondego.com\/wp\/wp-content\/uploads\/2015\/10\/20161019_115255-1024x576.jpg 1024w, https:\/\/caiximondego.com\/wp\/wp-content\/uploads\/2015\/10\/20161019_115255-260x146.jpg 260w, https:\/\/caiximondego.com\/wp\/wp-content\/uploads\/2015\/10\/20161019_115255-50x28.jpg 50w, https:\/\/caiximondego.com\/wp\/wp-content\/uploads\/2015\/10\/20161019_115255-576x324.jpg 576w, https:\/\/caiximondego.com\/wp\/wp-content\/uploads\/2015\/10\/20161019_115255-133x75.jpg 133w\" sizes=\"(max-width: 300px) 100vw, 300px\" \/><\/a>\n\t\t\t\t<\/dt><\/dl><br style=\"clear: both\" \/><dl class='gallery-item'>\n\t\t\t\t<dt class='gallery-icon landscape'>\n\t\t\t\t\t<a href='https:\/\/caiximondego.com\/wp\/wp-content\/uploads\/2015\/10\/20161124_132351.jpg'><img width=\"300\" height=\"169\" src=\"https:\/\/caiximondego.com\/wp\/wp-content\/uploads\/2015\/10\/20161124_132351-300x169.jpg\" class=\"attachment-medium size-medium\" alt=\"\" decoding=\"async\" loading=\"lazy\" srcset=\"https:\/\/caiximondego.com\/wp\/wp-content\/uploads\/2015\/10\/20161124_132351-300x169.jpg 300w, https:\/\/caiximondego.com\/wp\/wp-content\/uploads\/2015\/10\/20161124_132351-768x432.jpg 768w, https:\/\/caiximondego.com\/wp\/wp-content\/uploads\/2015\/10\/20161124_132351-1024x576.jpg 1024w, https:\/\/caiximondego.com\/wp\/wp-content\/uploads\/2015\/10\/20161124_132351-260x146.jpg 260w, https:\/\/caiximondego.com\/wp\/wp-content\/uploads\/2015\/10\/20161124_132351-50x28.jpg 50w, https:\/\/caiximondego.com\/wp\/wp-content\/uploads\/2015\/10\/20161124_132351-576x324.jpg 576w, https:\/\/caiximondego.com\/wp\/wp-content\/uploads\/2015\/10\/20161124_132351-133x75.jpg 133w\" sizes=\"(max-width: 300px) 100vw, 300px\" \/><\/a>\n\t\t\t\t<\/dt><\/dl><dl class='gallery-item'>\n\t\t\t\t<dt class='gallery-icon portrait'>\n\t\t\t\t\t<a href='https:\/\/caiximondego.com\/wp\/wp-content\/uploads\/2015\/10\/20170113_111808-e1496490527347.jpg'><img width=\"169\" height=\"300\" src=\"https:\/\/caiximondego.com\/wp\/wp-content\/uploads\/2015\/10\/20170113_111808-e1496490527347-169x300.jpg\" class=\"attachment-medium size-medium\" alt=\"\" decoding=\"async\" loading=\"lazy\" srcset=\"https:\/\/caiximondego.com\/wp\/wp-content\/uploads\/2015\/10\/20170113_111808-e1496490527347-169x300.jpg 169w, https:\/\/caiximondego.com\/wp\/wp-content\/uploads\/2015\/10\/20170113_111808-e1496490527347-768x1365.jpg 768w, https:\/\/caiximondego.com\/wp\/wp-content\/uploads\/2015\/10\/20170113_111808-e1496490527347-576x1024.jpg 576w, https:\/\/caiximondego.com\/wp\/wp-content\/uploads\/2015\/10\/20170113_111808-e1496490527347-82x146.jpg 82w, https:\/\/caiximondego.com\/wp\/wp-content\/uploads\/2015\/10\/20170113_111808-e1496490527347-28x50.jpg 28w, https:\/\/caiximondego.com\/wp\/wp-content\/uploads\/2015\/10\/20170113_111808-e1496490527347-42x75.jpg 42w, https:\/\/caiximondego.com\/wp\/wp-content\/uploads\/2015\/10\/20170113_111808-e1496490527347.jpg 1836w\" sizes=\"(max-width: 169px) 100vw, 169px\" \/><\/a>\n\t\t\t\t<\/dt><\/dl><dl class='gallery-item'>\n\t\t\t\t<dt class='gallery-icon landscape'>\n\t\t\t\t\t<a href='https:\/\/caiximondego.com\/wp\/wp-content\/uploads\/2015\/10\/20170201_160352-e1496490513210.jpg'><img width=\"300\" height=\"169\" src=\"https:\/\/caiximondego.com\/wp\/wp-content\/uploads\/2015\/10\/20170201_160352-e1496490513210-300x169.jpg\" class=\"attachment-medium size-medium\" alt=\"\" decoding=\"async\" loading=\"lazy\" srcset=\"https:\/\/caiximondego.com\/wp\/wp-content\/uploads\/2015\/10\/20170201_160352-e1496490513210-300x169.jpg 300w, https:\/\/caiximondego.com\/wp\/wp-content\/uploads\/2015\/10\/20170201_160352-e1496490513210-768x432.jpg 768w, https:\/\/caiximondego.com\/wp\/wp-content\/uploads\/2015\/10\/20170201_160352-e1496490513210-1024x576.jpg 1024w, https:\/\/caiximondego.com\/wp\/wp-content\/uploads\/2015\/10\/20170201_160352-e1496490513210-260x146.jpg 260w, https:\/\/caiximondego.com\/wp\/wp-content\/uploads\/2015\/10\/20170201_160352-e1496490513210-50x28.jpg 50w, https:\/\/caiximondego.com\/wp\/wp-content\/uploads\/2015\/10\/20170201_160352-e1496490513210-576x324.jpg 576w, https:\/\/caiximondego.com\/wp\/wp-content\/uploads\/2015\/10\/20170201_160352-e1496490513210-133x75.jpg 133w\" sizes=\"(max-width: 300px) 100vw, 300px\" \/><\/a>\n\t\t\t\t<\/dt><\/dl><dl class='gallery-item'>\n\t\t\t\t<dt class='gallery-icon landscape'>\n\t\t\t\t\t<a href='https:\/\/caiximondego.com\/wp\/wp-content\/uploads\/2015\/10\/20170207_095350.jpg'><img width=\"300\" height=\"169\" src=\"https:\/\/caiximondego.com\/wp\/wp-content\/uploads\/2015\/10\/20170207_095350-300x169.jpg\" class=\"attachment-medium size-medium\" alt=\"\" decoding=\"async\" loading=\"lazy\" srcset=\"https:\/\/caiximondego.com\/wp\/wp-content\/uploads\/2015\/10\/20170207_095350-300x169.jpg 300w, https:\/\/caiximondego.com\/wp\/wp-content\/uploads\/2015\/10\/20170207_095350-768x432.jpg 768w, https:\/\/caiximondego.com\/wp\/wp-content\/uploads\/2015\/10\/20170207_095350-1024x576.jpg 1024w, https:\/\/caiximondego.com\/wp\/wp-content\/uploads\/2015\/10\/20170207_095350-260x146.jpg 260w, https:\/\/caiximondego.com\/wp\/wp-content\/uploads\/2015\/10\/20170207_095350-50x28.jpg 50w, https:\/\/caiximondego.com\/wp\/wp-content\/uploads\/2015\/10\/20170207_095350-576x324.jpg 576w, https:\/\/caiximondego.com\/wp\/wp-content\/uploads\/2015\/10\/20170207_095350-133x75.jpg 133w\" sizes=\"(max-width: 300px) 100vw, 300px\" \/><\/a>\n\t\t\t\t<\/dt><\/dl><dl class='gallery-item'>\n\t\t\t\t<dt class='gallery-icon landscape'>\n\t\t\t\t\t<a href='https:\/\/caiximondego.com\/wp\/wp-content\/uploads\/2015\/10\/20170309_154622.jpg'><img width=\"300\" height=\"169\" src=\"https:\/\/caiximondego.com\/wp\/wp-content\/uploads\/2015\/10\/20170309_154622-300x169.jpg\" class=\"attachment-medium size-medium\" alt=\"\" decoding=\"async\" loading=\"lazy\" srcset=\"https:\/\/caiximondego.com\/wp\/wp-content\/uploads\/2015\/10\/20170309_154622-300x169.jpg 300w, https:\/\/caiximondego.com\/wp\/wp-content\/uploads\/2015\/10\/20170309_154622-768x432.jpg 768w, https:\/\/caiximondego.com\/wp\/wp-content\/uploads\/2015\/10\/20170309_154622-1024x576.jpg 1024w, https:\/\/caiximondego.com\/wp\/wp-content\/uploads\/2015\/10\/20170309_154622-260x146.jpg 260w, https:\/\/caiximondego.com\/wp\/wp-content\/uploads\/2015\/10\/20170309_154622-50x28.jpg 50w, https:\/\/caiximondego.com\/wp\/wp-content\/uploads\/2015\/10\/20170309_154622-576x324.jpg 576w, https:\/\/caiximondego.com\/wp\/wp-content\/uploads\/2015\/10\/20170309_154622-133x75.jpg 133w\" sizes=\"(max-width: 300px) 100vw, 300px\" \/><\/a>\n\t\t\t\t<\/dt><\/dl><br style=\"clear: both\" \/>\n\t\t\t<\/div>\n\n<p>&nbsp;<\/p>\n","protected":false},"excerpt":{"rendered":"<p>&nbsp; As estruturas met\u00e1licas t\u00eam as seguintes\u00a0caracter\u00edsticas: processo r\u00e1pido: todas as pe\u00e7as que comp\u00f5em uma estrutura met\u00e1lica s\u00e3o preparadas em f\u00e1brica, que por sua vez facilita [&hellip;]<\/p>\n","protected":false},"author":1,"featured_media":0,"parent":0,"menu_order":0,"comment_status":"closed","ping_status":"closed","template":"","meta":[],"_links":{"self":[{"href":"https:\/\/caiximondego.com\/wp\/wp-json\/wp\/v2\/pages\/1230"}],"collection":[{"href":"https:\/\/caiximondego.com\/wp\/wp-json\/wp\/v2\/pages"}],"about":[{"href":"https:\/\/caiximondego.com\/wp\/wp-json\/wp\/v2\/types\/page"}],"author":[{"embeddable":true,"href":"https:\/\/caiximondego.com\/wp\/wp-json\/wp\/v2\/users\/1"}],"replies":[{"embeddable":true,"href":"https:\/\/caiximondego.com\/wp\/wp-json\/wp\/v2\/comments?post=1230"}],"version-history":[{"count":9,"href":"https:\/\/caiximondego.com\/wp\/wp-json\/wp\/v2\/pages\/1230\/revisions"}],"predecessor-version":[{"id":1485,"href":"https:\/\/caiximondego.com\/wp\/wp-json\/wp\/v2\/pages\/1230\/revisions\/1485"}],"wp:attachment":[{"href":"https:\/\/caiximondego.com\/wp\/wp-json\/wp\/v2\/media?parent=1230"}],"curies":[{"name":"wp","href":"https:\/\/api.w.org\/{rel}","templated":true}]}}